{"id":7,"date":"2024-03-25T15:34:59","date_gmt":"2024-03-25T18:34:59","guid":{"rendered":"https:\/\/metodomfes.com.br\/?page_id=7"},"modified":"2024-08-06T09:11:36","modified_gmt":"2024-08-06T12:11:36","slug":"inicio","status":"publish","type":"page","link":"https:\/\/metodomfes.com.br\/","title":{"rendered":"\u00cdnicio"},"content":{"rendered":"\t\t<div data-elementor-type=\"wp-page\" data-elementor-id=\"7\" class=\"elementor elementor-7\" data-elementor-post-type=\"page\">\n\t\t\t\t<div class=\"elementor-element elementor-element-2d377cb e-flex e-con-boxed e-con e-parent\" data-id=\"2d377cb\" data-element_type=\"container\" data-settings=\"{&quot;background_background&quot;:&quot;classic&quot;}\" data-core-v316-plus=\"true\">\n\t\t\t\t\t<div class=\"e-con-inner\">\n\t\t<div class=\"elementor-element elementor-element-92eb4eb e-con-full e-flex e-con e-child\" data-id=\"92eb4eb\" data-element_type=\"container\">\n\t\t<div class=\"elementor-element elementor-element-90e41aa e-flex e-con-boxed e-con e-child\" data-id=\"90e41aa\" data-element_type=\"container\">\n\t\t\t\t\t<div class=\"e-con-inner\">\n\t\t\t\t<div class=\"elementor-element elementor-element-e27e9a2 elementor-widget__width-initial elementor-invisible elementor-widget elementor-widget-image\" data-id=\"e27e9a2\" data-element_type=\"widget\" data-settings=\"{&quot;_animation&quot;:&quot;fadeInLeft&quot;}\" data-widget_type=\"image.default\">\n\t\t\t\t<div class=\"elementor-widget-container\">\n\t\t\t\t\t\t\t\t\t\t\t\t\t<img fetchpriority=\"high\" decoding=\"async\" width=\"351\" height=\"189\" src=\"https:\/\/metodomfes.com.br\/wp-content\/uploads\/2024\/03\/MFES-Logo.png\" class=\"attachment-full size-full wp-image-41\" alt=\"\" srcset=\"https:\/\/metodomfes.com.br\/wp-content\/uploads\/2024\/03\/MFES-Logo.png 351w, https:\/\/metodomfes.com.br\/wp-content\/uploads\/2024\/03\/MFES-Logo-300x162.png 300w\" sizes=\"(max-width: 351px) 100vw, 351px\" \/>\t\t\t\t\t\t\t\t\t\t\t\t\t<\/div>\n\t\t\t\t<\/div>\n\t\t\t\t\t<\/div>\n\t\t\t\t<\/div>\n\t\t\t\t<div class=\"elementor-element elementor-element-452a0ce elementor-invisible elementor-widget elementor-widget-text-editor\" data-id=\"452a0ce\" data-element_type=\"widget\" data-settings=\"{&quot;_animation&quot;:&quot;fadeInLeft&quot;,&quot;_animation_delay&quot;:1}\" data-widget_type=\"text-editor.default\">\n\t\t\t\t<div class=\"elementor-widget-container\">\n\t\t\t\t\t\t\t<p>Aprenda como formar a sua<br \/>pr\u00f3pria equipe e escalar o<br \/>seu faturamento!<\/p>\t\t\t\t\t\t<\/div>\n\t\t\t\t<\/div>\n\t\t\t\t<div class=\"elementor-element elementor-element-263a60f elementor-hidden-tablet elementor-hidden-mobile elementor-invisible elementor-widget elementor-widget-button\" data-id=\"263a60f\" data-element_type=\"widget\" data-settings=\"{&quot;_animation&quot;:&quot;fadeInLeft&quot;,&quot;_animation_delay&quot;:1.3}\" data-widget_type=\"button.default\">\n\t\t\t\t<div class=\"elementor-widget-container\">\n\t\t\t\t\t<div class=\"elementor-button-wrapper\">\n\t\t\t<a class=\"elementor-button elementor-button-link elementor-size-sm elementor-animation-grow\" href=\"https:\/\/pay.kiwify.com.br\/xvJMZV8\">\n\t\t\t\t\t\t<span class=\"elementor-button-content-wrapper\">\n\t\t\t\t\t\t<span class=\"elementor-button-text\">Ser, ter uma equipe de sucesso<\/span>\n\t\t<\/span>\n\t\t\t\t\t<\/a>\n\t\t<\/div>\n\t\t\t\t<\/div>\n\t\t\t\t<\/div>\n\t\t\t\t<div class=\"elementor-element elementor-element-b5418e3 elementor-hidden-desktop elementor-invisible elementor-widget elementor-widget-button\" data-id=\"b5418e3\" data-element_type=\"widget\" data-settings=\"{&quot;_animation&quot;:&quot;fadeInLeft&quot;,&quot;_animation_delay&quot;:1.3}\" data-widget_type=\"button.default\">\n\t\t\t\t<div class=\"elementor-widget-container\">\n\t\t\t\t\t<div class=\"elementor-button-wrapper\">\n\t\t\t<a class=\"elementor-button elementor-button-link elementor-size-sm elementor-animation-grow\" href=\"https:\/\/pay.kiwify.com.br\/xvJMZV8\">\n\t\t\t\t\t\t<span class=\"elementor-button-content-wrapper\">\n\t\t\t\t\t\t<span class=\"elementor-button-text\">ser, ter uma equipe de sucesso<\/span>\n\t\t<\/span>\n\t\t\t\t\t<\/a>\n\t\t<\/div>\n\t\t\t\t<\/div>\n\t\t\t\t<\/div>\n\t\t\t\t<\/div>\n\t\t<div class=\"elementor-element elementor-element-8f74466 e-con-full e-flex e-con e-child\" data-id=\"8f74466\" data-element_type=\"container\">\n\t\t\t\t<div class=\"elementor-element elementor-element-8a882b7 e-transform elementor-hidden-tablet elementor-hidden-mobile elementor-widget elementor-widget-image\" data-id=\"8a882b7\" data-element_type=\"widget\" data-settings=\"{&quot;_transform_flipX_effect&quot;:&quot;transform&quot;}\" data-widget_type=\"image.default\">\n\t\t\t\t<div class=\"elementor-widget-container\">\n\t\t\t\t\t\t\t\t\t\t\t\t\t<img decoding=\"async\" width=\"683\" height=\"1024\" src=\"https:\/\/metodomfes.com.br\/wp-content\/uploads\/2024\/03\/Design-sem-nome-29-1-683x1024.png\" class=\"attachment-large size-large wp-image-83\" alt=\"\" srcset=\"https:\/\/metodomfes.com.br\/wp-content\/uploads\/2024\/03\/Design-sem-nome-29-1-683x1024.png 683w, https:\/\/metodomfes.com.br\/wp-content\/uploads\/2024\/03\/Design-sem-nome-29-1-200x300.png 200w, https:\/\/metodomfes.com.br\/wp-content\/uploads\/2024\/03\/Design-sem-nome-29-1-768x1152.png 768w, https:\/\/metodomfes.com.br\/wp-content\/uploads\/2024\/03\/Design-sem-nome-29-1-1024x1536.png 1024w, https:\/\/metodomfes.com.br\/wp-content\/uploads\/2024\/03\/Design-sem-nome-29-1.png 1365w\" sizes=\"(max-width: 683px) 100vw, 683px\" \/>\t\t\t\t\t\t\t\t\t\t\t\t\t<\/div>\n\t\t\t\t<\/div>\n\t\t\t\t<\/div>\n\t\t\t\t\t<\/div>\n\t\t\t\t<\/div>\n\t\t<div class=\"elementor-element elementor-element-e58a3db e-con-full e-flex e-con e-parent\" data-id=\"e58a3db\" data-element_type=\"container\" data-core-v316-plus=\"true\">\n\t\t\t\t<div class=\"elementor-element elementor-element-174c455 elementor-widget elementor-widget-heading\" data-id=\"174c455\" data-element_type=\"widget\" data-widget_type=\"heading.default\">\n\t\t\t\t<div class=\"elementor-widget-container\">\n\t\t\t<h2 class=\"elementor-heading-title elementor-size-default\">No m\u00e9todo voc\u00ea ir\u00e1 aprender: <\/h2>\t\t<\/div>\n\t\t\t\t<\/div>\n\t\t<div class=\"elementor-element elementor-element-7b7fe2e e-grid e-con-boxed e-con e-child\" data-id=\"7b7fe2e\" data-element_type=\"container\">\n\t\t\t\t\t<div class=\"e-con-inner\">\n\t\t\t\t<div class=\"elementor-element elementor-element-8f25f5b elementor-widget__width-initial elementor-position-top elementor-widget elementor-widget-image-box\" data-id=\"8f25f5b\" data-element_type=\"widget\" data-widget_type=\"image-box.default\">\n\t\t\t\t<div class=\"elementor-widget-container\">\n\t\t\t<div class=\"elementor-image-box-wrapper\"><figure class=\"elementor-image-box-img\"><img decoding=\"async\" width=\"115\" height=\"114\" src=\"https:\/\/metodomfes.com.br\/wp-content\/uploads\/2024\/03\/Icon_1.png\" class=\"attachment-full size-full wp-image-142\" alt=\"\" \/><\/figure><div class=\"elementor-image-box-content\"><h3 class=\"elementor-image-box-title\">estrutura do seu neg\u00f3cio<\/h3><p class=\"elementor-image-box-description\">Como avaliar se \u00e9 o momento de contratar e o\nque precisa estruturar antes mesmo de\ncontratar uma colaboradora.<\/p><\/div><\/div>\t\t<\/div>\n\t\t\t\t<\/div>\n\t\t\t\t<div class=\"elementor-element elementor-element-87207c2 elementor-widget__width-initial elementor-position-top elementor-widget elementor-widget-image-box\" data-id=\"87207c2\" data-element_type=\"widget\" data-widget_type=\"image-box.default\">\n\t\t\t\t<div class=\"elementor-widget-container\">\n\t\t\t<div class=\"elementor-image-box-wrapper\"><figure class=\"elementor-image-box-img\"><img loading=\"lazy\" decoding=\"async\" width=\"115\" height=\"114\" src=\"https:\/\/metodomfes.com.br\/wp-content\/uploads\/2024\/03\/Icon_2.png\" class=\"attachment-full size-full wp-image-141\" alt=\"\" \/><\/figure><div class=\"elementor-image-box-content\"><h3 class=\"elementor-image-box-title\">Gest\u00e3o de pessoas<\/h3><p class=\"elementor-image-box-description\">Como ser uma L\u00edder que inspira pessoas.<\/p><\/div><\/div>\t\t<\/div>\n\t\t\t\t<\/div>\n\t\t\t\t<div class=\"elementor-element elementor-element-7e1382d elementor-widget__width-initial elementor-position-top elementor-widget elementor-widget-image-box\" data-id=\"7e1382d\" data-element_type=\"widget\" data-widget_type=\"image-box.default\">\n\t\t\t\t<div class=\"elementor-widget-container\">\n\t\t\t<div class=\"elementor-image-box-wrapper\"><figure class=\"elementor-image-box-img\"><img loading=\"lazy\" decoding=\"async\" width=\"115\" height=\"115\" src=\"https:\/\/metodomfes.com.br\/wp-content\/uploads\/2024\/03\/Icon_3.png\" class=\"attachment-full size-full wp-image-140\" alt=\"\" \/><\/figure><div class=\"elementor-image-box-content\"><h3 class=\"elementor-image-box-title\">Contrata\u00e7\u00e3o<\/h3><p class=\"elementor-image-box-description\">Como de fato fechar uma parceria com uma parceira de trabalho, pdf para padroniza\u00e7\u00e3o, como implementar cultura e vis\u00e3o da empresa, como manter a excel\u00eancia no seu atendimento com uma equipe. <\/p><\/div><\/div>\t\t<\/div>\n\t\t\t\t<\/div>\n\t\t\t\t<div class=\"elementor-element elementor-element-8a7e54c elementor-widget__width-initial elementor-position-top elementor-widget elementor-widget-image-box\" data-id=\"8a7e54c\" data-element_type=\"widget\" data-widget_type=\"image-box.default\">\n\t\t\t\t<div class=\"elementor-widget-container\">\n\t\t\t<div class=\"elementor-image-box-wrapper\"><figure class=\"elementor-image-box-img\"><img loading=\"lazy\" decoding=\"async\" width=\"115\" height=\"115\" src=\"https:\/\/metodomfes.com.br\/wp-content\/uploads\/2024\/03\/Icon_4.png\" class=\"attachment-full size-full wp-image-143\" alt=\"\" \/><\/figure><div class=\"elementor-image-box-content\"><h3 class=\"elementor-image-box-title\">Solu\u00e7\u00f5es Pr\u00e1ticas <\/h3><p class=\"elementor-image-box-description\">Eu sei os problemas que voc\u00ea ir\u00e1 enfrentar no seu processo de ter uma equipe,ent\u00e3o decidi colocar\nexemplos de como solucionar no dia a dia e\nmanter sua equipe e suas clientes satisfeitas<\/p><\/div><\/div>\t\t<\/div>\n\t\t\t\t<\/div>\n\t\t\t\t\t<\/div>\n\t\t\t\t<\/div>\n\t\t\t\t<div class=\"elementor-element elementor-element-fe60e70 elementor-hidden-desktop elementor-invisible elementor-widget elementor-widget-button\" data-id=\"fe60e70\" data-element_type=\"widget\" data-settings=\"{&quot;_animation&quot;:&quot;fadeInLeft&quot;,&quot;_animation_mobile&quot;:&quot;fadeInUp&quot;,&quot;_animation_delay&quot;:1.3}\" data-widget_type=\"button.default\">\n\t\t\t\t<div class=\"elementor-widget-container\">\n\t\t\t\t\t<div class=\"elementor-button-wrapper\">\n\t\t\t<a class=\"elementor-button elementor-button-link elementor-size-sm elementor-animation-grow\" href=\"https:\/\/pay.kiwify.com.br\/xvJMZV8\">\n\t\t\t\t\t\t<span class=\"elementor-button-content-wrapper\">\n\t\t\t\t\t\t<span class=\"elementor-button-text\">ser, Ter uma equipe de sucesso<\/span>\n\t\t<\/span>\n\t\t\t\t\t<\/a>\n\t\t<\/div>\n\t\t\t\t<\/div>\n\t\t\t\t<\/div>\n\t\t\t\t<div class=\"elementor-element elementor-element-7c0bce9 elementor-hidden-tablet elementor-hidden-mobile elementor-invisible elementor-widget elementor-widget-button\" data-id=\"7c0bce9\" data-element_type=\"widget\" data-settings=\"{&quot;_animation&quot;:&quot;fadeInLeft&quot;,&quot;_animation_mobile&quot;:&quot;fadeInUp&quot;,&quot;_animation_delay&quot;:1.3}\" data-widget_type=\"button.default\">\n\t\t\t\t<div class=\"elementor-widget-container\">\n\t\t\t\t\t<div class=\"elementor-button-wrapper\">\n\t\t\t<a class=\"elementor-button elementor-button-link elementor-size-sm elementor-animation-grow\" href=\"https:\/\/pay.kiwify.com.br\/xvJMZV8\">\n\t\t\t\t\t\t<span class=\"elementor-button-content-wrapper\">\n\t\t\t\t\t\t<span class=\"elementor-button-text\">Ser, Ter uma equipe de sucesso<\/span>\n\t\t<\/span>\n\t\t\t\t\t<\/a>\n\t\t<\/div>\n\t\t\t\t<\/div>\n\t\t\t\t<\/div>\n\t\t<div class=\"elementor-element elementor-element-a59d055 e-flex e-con-boxed e-con e-child\" data-id=\"a59d055\" data-element_type=\"container\" data-settings=\"{&quot;background_background&quot;:&quot;classic&quot;}\">\n\t\t\t\t\t<div class=\"e-con-inner\">\n\t\t<div class=\"elementor-element elementor-element-e786c47 e-con-full e-flex e-con e-child\" data-id=\"e786c47\" data-element_type=\"container\">\n\t\t<div class=\"elementor-element elementor-element-8db31a3 e-con-full e-flex e-con e-child\" data-id=\"8db31a3\" data-element_type=\"container\">\n\t\t\t\t<div class=\"elementor-element elementor-element-76e7eb7 elementor-hidden-tablet elementor-hidden-mobile elementor-widget elementor-widget-image\" data-id=\"76e7eb7\" data-element_type=\"widget\" data-widget_type=\"image.default\">\n\t\t\t\t<div class=\"elementor-widget-container\">\n\t\t\t\t\t\t\t\t\t\t\t\t\t<img loading=\"lazy\" decoding=\"async\" width=\"689\" height=\"1024\" src=\"https:\/\/metodomfes.com.br\/wp-content\/uploads\/2024\/03\/Design-sem-nome-30-1-689x1024.png\" class=\"attachment-large size-large wp-image-88\" alt=\"\" srcset=\"https:\/\/metodomfes.com.br\/wp-content\/uploads\/2024\/03\/Design-sem-nome-30-1-689x1024.png 689w, https:\/\/metodomfes.com.br\/wp-content\/uploads\/2024\/03\/Design-sem-nome-30-1-202x300.png 202w, https:\/\/metodomfes.com.br\/wp-content\/uploads\/2024\/03\/Design-sem-nome-30-1-768x1141.png 768w, https:\/\/metodomfes.com.br\/wp-content\/uploads\/2024\/03\/Design-sem-nome-30-1-1034x1536.png 1034w, https:\/\/metodomfes.com.br\/wp-content\/uploads\/2024\/03\/Design-sem-nome-30-1.png 1035w\" sizes=\"(max-width: 689px) 100vw, 689px\" \/>\t\t\t\t\t\t\t\t\t\t\t\t\t<\/div>\n\t\t\t\t<\/div>\n\t\t\t\t<\/div>\n\t\t<div class=\"elementor-element elementor-element-75cac2e e-con-full e-flex e-con e-child\" data-id=\"75cac2e\" data-element_type=\"container\">\n\t\t\t\t<div class=\"elementor-element elementor-element-6ee50fa elementor-widget__width-inherit elementor-widget elementor-widget-text-editor\" data-id=\"6ee50fa\" data-element_type=\"widget\" data-widget_type=\"text-editor.default\">\n\t\t\t\t<div class=\"elementor-widget-container\">\n\t\t\t\t\t\t\t<p>Todo meu conhecimento e<br \/>pr\u00e1tica dos \u00faltimos 10 anos estou<br \/>transbordando para voc\u00ea que<br \/>sonha em escalar seu neg\u00f3cio.<\/p>\t\t\t\t\t\t<\/div>\n\t\t\t\t<\/div>\n\t\t\t\t<div class=\"elementor-element elementor-element-4a914a1 elementor-widget__width-inherit elementor-widget elementor-widget-text-editor\" data-id=\"4a914a1\" data-element_type=\"widget\" data-widget_type=\"text-editor.default\">\n\t\t\t\t<div class=\"elementor-widget-container\">\n\t\t\t\t\t\t\t<p>Voc\u00ea ter\u00e1 acesso de <strong>1 ano no M\u00e9todo<\/strong> que\u00a0<br \/>al\u00e9m\u00a0 de ter muitos m\u00f3dulos tamb\u00e9m tem:<\/p>\t\t\t\t\t\t<\/div>\n\t\t\t\t<\/div>\n\t\t\t\t<div class=\"elementor-element elementor-element-64d9734 elementor-icon-list--layout-traditional elementor-list-item-link-full_width elementor-widget elementor-widget-icon-list\" data-id=\"64d9734\" data-element_type=\"widget\" data-widget_type=\"icon-list.default\">\n\t\t\t\t<div class=\"elementor-widget-container\">\n\t\t\t\t\t<ul class=\"elementor-icon-list-items\">\n\t\t\t\t\t\t\t<li class=\"elementor-icon-list-item\">\n\t\t\t\t\t\t\t\t\t\t\t<span class=\"elementor-icon-list-icon\">\n\t\t\t\t\t\t\t<svg aria-hidden=\"true\" class=\"e-font-icon-svg e-fas-minus\" viewBox=\"0 0 448 512\" xmlns=\"http:\/\/www.w3.org\/2000\/svg\"><path d=\"M416 208H32c-17.67 0-32 14.33-32 32v32c0 17.67 14.33 32 32 32h384c17.67 0 32-14.33 32-32v-32c0-17.67-14.33-32-32-32z\"><\/path><\/svg>\t\t\t\t\t\t<\/span>\n\t\t\t\t\t\t\t\t\t\t<span class=\"elementor-icon-list-text\">MODELO DE CONTRATO<\/span>\n\t\t\t\t\t\t\t\t\t<\/li>\n\t\t\t\t\t\t\t\t<li class=\"elementor-icon-list-item\">\n\t\t\t\t\t\t\t\t\t\t\t<span class=\"elementor-icon-list-icon\">\n\t\t\t\t\t\t\t<svg aria-hidden=\"true\" class=\"e-font-icon-svg e-fas-minus\" viewBox=\"0 0 448 512\" xmlns=\"http:\/\/www.w3.org\/2000\/svg\"><path d=\"M416 208H32c-17.67 0-32 14.33-32 32v32c0 17.67 14.33 32 32 32h384c17.67 0 32-14.33 32-32v-32c0-17.67-14.33-32-32-32z\"><\/path><\/svg>\t\t\t\t\t\t<\/span>\n\t\t\t\t\t\t\t\t\t\t<span class=\"elementor-icon-list-text\">PLATAFORMA FINANCEIRA PRA ORGANIZAR SUA EMPRESA<\/span>\n\t\t\t\t\t\t\t\t\t<\/li>\n\t\t\t\t\t\t\t\t<li class=\"elementor-icon-list-item\">\n\t\t\t\t\t\t\t\t\t\t\t<span class=\"elementor-icon-list-icon\">\n\t\t\t\t\t\t\t<svg aria-hidden=\"true\" class=\"e-font-icon-svg e-fas-minus\" viewBox=\"0 0 448 512\" xmlns=\"http:\/\/www.w3.org\/2000\/svg\"><path d=\"M416 208H32c-17.67 0-32 14.33-32 32v32c0 17.67 14.33 32 32 32h384c17.67 0 32-14.33 32-32v-32c0-17.67-14.33-32-32-32z\"><\/path><\/svg>\t\t\t\t\t\t<\/span>\n\t\t\t\t\t\t\t\t\t\t<span class=\"elementor-icon-list-text\">protocolos de padroniza\u00e7\u00e3o<\/span>\n\t\t\t\t\t\t\t\t\t<\/li>\n\t\t\t\t\t\t<\/ul>\n\t\t\t\t<\/div>\n\t\t\t\t<\/div>\n\t\t\t\t<\/div>\n\t\t\t\t<\/div>\n\t\t\t\t\t<\/div>\n\t\t\t\t<\/div>\n\t\t<div class=\"elementor-element elementor-element-1c43464 e-flex e-con-boxed e-con e-child\" data-id=\"1c43464\" data-element_type=\"container\" data-settings=\"{&quot;background_background&quot;:&quot;classic&quot;}\">\n\t\t\t\t\t<div class=\"e-con-inner\">\n\t\t\t\t<div class=\"elementor-element elementor-element-ed74297 elementor-widget__width-inherit elementor-widget elementor-widget-text-editor\" data-id=\"ed74297\" data-element_type=\"widget\" data-widget_type=\"text-editor.default\">\n\t\t\t\t<div class=\"elementor-widget-container\">\n\t\t\t\t\t\t\t<p>Tudo isso por R$ 397,90 ou 12x de R$ 39,86<\/p>\t\t\t\t\t\t<\/div>\n\t\t\t\t<\/div>\n\t\t\t\t<div class=\"elementor-element elementor-element-b9eaec3 elementor-hidden-desktop elementor-invisible elementor-widget elementor-widget-button\" data-id=\"b9eaec3\" data-element_type=\"widget\" data-settings=\"{&quot;_animation&quot;:&quot;fadeInLeft&quot;,&quot;_animation_delay&quot;:1.3,&quot;_animation_mobile&quot;:&quot;fadeInUp&quot;}\" data-widget_type=\"button.default\">\n\t\t\t\t<div class=\"elementor-widget-container\">\n\t\t\t\t\t<div class=\"elementor-button-wrapper\">\n\t\t\t<a class=\"elementor-button elementor-button-link elementor-size-sm elementor-animation-grow\" href=\"https:\/\/pay.kiwify.com.br\/xvJMZV8\">\n\t\t\t\t\t\t<span class=\"elementor-button-content-wrapper\">\n\t\t\t\t\t\t<span class=\"elementor-button-text\">ser, ter uma equipe de sucesso<\/span>\n\t\t<\/span>\n\t\t\t\t\t<\/a>\n\t\t<\/div>\n\t\t\t\t<\/div>\n\t\t\t\t<\/div>\n\t\t\t\t<div class=\"elementor-element elementor-element-3f7157b elementor-hidden-tablet elementor-hidden-mobile elementor-invisible elementor-widget elementor-widget-button\" data-id=\"3f7157b\" data-element_type=\"widget\" data-settings=\"{&quot;_animation&quot;:&quot;fadeInLeft&quot;,&quot;_animation_delay&quot;:1.3,&quot;_animation_mobile&quot;:&quot;fadeInUp&quot;}\" data-widget_type=\"button.default\">\n\t\t\t\t<div class=\"elementor-widget-container\">\n\t\t\t\t\t<div class=\"elementor-button-wrapper\">\n\t\t\t<a class=\"elementor-button elementor-button-link elementor-size-sm elementor-animation-grow\" href=\"https:\/\/pay.kiwify.com.br\/xvJMZV8\">\n\t\t\t\t\t\t<span class=\"elementor-button-content-wrapper\">\n\t\t\t\t\t\t<span class=\"elementor-button-text\">ser, ter uma equipe de sucesso<\/span>\n\t\t<\/span>\n\t\t\t\t\t<\/a>\n\t\t<\/div>\n\t\t\t\t<\/div>\n\t\t\t\t<\/div>\n\t\t\t\t\t<\/div>\n\t\t\t\t<\/div>\n\t\t<div class=\"elementor-element elementor-element-543a1ab e-flex e-con-boxed e-con e-child\" data-id=\"543a1ab\" data-element_type=\"container\">\n\t\t\t\t\t<div class=\"e-con-inner\">\n\t\t<div class=\"elementor-element elementor-element-d205af7 e-con-full e-flex e-con e-child\" data-id=\"d205af7\" data-element_type=\"container\">\n\t\t\t\t<div class=\"elementor-element elementor-element-e59797d elementor-widget__width-initial elementor-widget elementor-widget-text-editor\" data-id=\"e59797d\" data-element_type=\"widget\" data-widget_type=\"text-editor.default\">\n\t\t\t\t<div class=\"elementor-widget-container\">\n\t\t\t\t\t\t\t<p>Sou a Genielly Brito, propriet\u00e1ria da Esmalteria Genielly Brito h\u00e1 10 anos.<\/p>\t\t\t\t\t\t<\/div>\n\t\t\t\t<\/div>\n\t\t\t\t<div class=\"elementor-element elementor-element-d854849 elementor-widget__width-initial elementor-widget elementor-widget-text-editor\" data-id=\"d854849\" data-element_type=\"widget\" data-widget_type=\"text-editor.default\">\n\t\t\t\t<div class=\"elementor-widget-container\">\n\t\t\t\t\t\t\t<p>Eu comecei a usar alongamento em 2013, e na \u00e9poca n\u00e3o havia muitas profissionais na minha cidade, e foi a minha pr\u00f3pria manicure quem me incentivou. Ent\u00e3o fiz um curso com ela no in\u00edcio de 2014, e assim surgiu minha paix\u00e3o.<\/p><p>Iniciei no meu quarto, usando as cadeiras da cozinha da minha m\u00e3e, buscando sempre um diferencial, que era o atendimento acolhedor e unhas naturais e resistentes E foi assim que fidelizei tantas clientes que at\u00e9 hoje frequentam meu espa\u00e7o e confiam no meu trabalho e da minha equipe.<\/p><p>Ao longo dos anos constru\u00ed um Imp\u00e9rio com + de 15<br \/>colaboradoras, o que transformou e aumentou e escalou o meu faturamento sem que eu precisasse atender o tempo todo sozinha..<\/p>\t\t\t\t\t\t<\/div>\n\t\t\t\t<\/div>\n\t\t\t\t<div class=\"elementor-element elementor-element-d8f82ff elementor-widget__width-initial elementor-widget elementor-widget-text-editor\" data-id=\"d8f82ff\" data-element_type=\"widget\" data-widget_type=\"text-editor.default\">\n\t\t\t\t<div class=\"elementor-widget-container\">\n\t\t\t\t\t\t\t<p>Por isso, no <strong>M\u00c9TODO FORMA\u00c7\u00c3O EQUIPE DE SUCESSO<\/strong> voc\u00ea ir\u00e1 aprender com todos os meus anos de conhecimento na pr\u00e1tica como voc\u00ea tamb\u00e9m pode transformar e escalar o seu neg\u00f3cio.<br \/><strong>Vamos juntas?<\/strong><\/p>\t\t\t\t\t\t<\/div>\n\t\t\t\t<\/div>\n\t\t\t\t<div class=\"elementor-element elementor-element-c439c3c elementor-hidden-desktop elementor-invisible elementor-widget elementor-widget-button\" data-id=\"c439c3c\" data-element_type=\"widget\" data-settings=\"{&quot;_animation&quot;:&quot;fadeInLeft&quot;,&quot;_animation_delay&quot;:1.3,&quot;_animation_mobile&quot;:&quot;fadeInUp&quot;}\" data-widget_type=\"button.default\">\n\t\t\t\t<div class=\"elementor-widget-container\">\n\t\t\t\t\t<div class=\"elementor-button-wrapper\">\n\t\t\t<a class=\"elementor-button elementor-button-link elementor-size-sm elementor-animation-grow\" href=\"https:\/\/pay.kiwify.com.br\/xvJMZV8\">\n\t\t\t\t\t\t<span class=\"elementor-button-content-wrapper\">\n\t\t\t\t\t\t<span class=\"elementor-button-text\">ser, ter uma equipe de sucesso<\/span>\n\t\t<\/span>\n\t\t\t\t\t<\/a>\n\t\t<\/div>\n\t\t\t\t<\/div>\n\t\t\t\t<\/div>\n\t\t\t\t<div class=\"elementor-element elementor-element-fa58ba4 elementor-hidden-tablet elementor-hidden-mobile elementor-invisible elementor-widget elementor-widget-button\" data-id=\"fa58ba4\" data-element_type=\"widget\" data-settings=\"{&quot;_animation&quot;:&quot;fadeInLeft&quot;,&quot;_animation_delay&quot;:1.3,&quot;_animation_mobile&quot;:&quot;fadeInUp&quot;}\" data-widget_type=\"button.default\">\n\t\t\t\t<div class=\"elementor-widget-container\">\n\t\t\t\t\t<div class=\"elementor-button-wrapper\">\n\t\t\t<a class=\"elementor-button elementor-button-link elementor-size-sm elementor-animation-grow\" href=\"https:\/\/pay.kiwify.com.br\/xvJMZV8\">\n\t\t\t\t\t\t<span class=\"elementor-button-content-wrapper\">\n\t\t\t\t\t\t<span class=\"elementor-button-text\">ser, ter uma equipe de sucesso<\/span>\n\t\t<\/span>\n\t\t\t\t\t<\/a>\n\t\t<\/div>\n\t\t\t\t<\/div>\n\t\t\t\t<\/div>\n\t\t\t\t<\/div>\n\t\t<div class=\"elementor-element elementor-element-34ce598 e-con-full e-flex e-con e-child\" data-id=\"34ce598\" data-element_type=\"container\">\n\t\t\t\t<div class=\"elementor-element elementor-element-a235b31 elementor-hidden-tablet elementor-hidden-mobile elementor-widget elementor-widget-image\" data-id=\"a235b31\" data-element_type=\"widget\" data-widget_type=\"image.default\">\n\t\t\t\t<div class=\"elementor-widget-container\">\n\t\t\t\t\t\t\t\t\t\t\t\t\t<img loading=\"lazy\" decoding=\"async\" width=\"577\" height=\"853\" src=\"https:\/\/metodomfes.com.br\/wp-content\/uploads\/2024\/03\/Design-sem-nome-31-1.png\" class=\"attachment-large size-large wp-image-89\" alt=\"\" srcset=\"https:\/\/metodomfes.com.br\/wp-content\/uploads\/2024\/03\/Design-sem-nome-31-1.png 577w, https:\/\/metodomfes.com.br\/wp-content\/uploads\/2024\/03\/Design-sem-nome-31-1-203x300.png 203w\" sizes=\"(max-width: 577px) 100vw, 577px\" \/>\t\t\t\t\t\t\t\t\t\t\t\t\t<\/div>\n\t\t\t\t<\/div>\n\t\t\t\t<\/div>\n\t\t\t\t\t<\/div>\n\t\t\t\t<\/div>\n\t\t\t\t<\/div>\n\t\t\t\t<\/div>\n\t\t","protected":false},"excerpt":{"rendered":"<p>Aprenda como formar a suapr\u00f3pria equipe e escalar oseu faturamento! Ser, ter uma equipe de sucesso ser, ter uma equipe de sucesso No m\u00e9todo voc\u00ea ir\u00e1 aprender: estrutura do seu neg\u00f3cio Como avaliar se \u00e9 o momento de contratar e o que precisa estruturar antes mesmo de contratar uma colaboradora. Gest\u00e3o de pessoas Como ser [&hellip;]<\/p>\n","protected":false},"author":1,"featured_media":0,"parent":0,"menu_order":0,"comment_status":"closed","ping_status":"closed","template":"elementor_header_footer","meta":{"footnotes":"","_joinchat":[]},"_links":{"self":[{"href":"https:\/\/metodomfes.com.br\/index.php?rest_route=\/wp\/v2\/pages\/7"}],"collection":[{"href":"https:\/\/metodomfes.com.br\/index.php?rest_route=\/wp\/v2\/pages"}],"about":[{"href":"https:\/\/metodomfes.com.br\/index.php?rest_route=\/wp\/v2\/types\/page"}],"author":[{"embeddable":true,"href":"https:\/\/metodomfes.com.br\/index.php?rest_route=\/wp\/v2\/users\/1"}],"replies":[{"embeddable":true,"href":"https:\/\/metodomfes.com.br\/index.php?rest_route=%2Fwp%2Fv2%2Fcomments&post=7"}],"version-history":[{"count":151,"href":"https:\/\/metodomfes.com.br\/index.php?rest_route=\/wp\/v2\/pages\/7\/revisions"}],"predecessor-version":[{"id":226,"href":"https:\/\/metodomfes.com.br\/index.php?rest_route=\/wp\/v2\/pages\/7\/revisions\/226"}],"wp:attachment":[{"href":"https:\/\/metodomfes.com.br\/index.php?rest_route=%2Fwp%2Fv2%2Fmedia&parent=7"}],"curies":[{"name":"wp","href":"https:\/\/api.w.org\/{rel}","templated":true}]}}